{"id":125,"date":"2021-04-03T16:44:44","date_gmt":"2021-04-03T15:44:44","guid":{"rendered":"https:\/\/reponse-ability.media-aube.fr\/les-etapes\/?page_id=125"},"modified":"2021-09-06T15:53:45","modified_gmt":"2021-09-06T14:53:45","slug":"welcome","status":"publish","type":"page","link":"https:\/\/reponse-ability.media-aube.fr\/les-etapes\/en\/welcome\/","title":{"rendered":"welcome"},"content":{"rendered":"\n<div class=\"wp-block-image\"><figure class=\"alignleft size-large is-resized\"><img data-recalc-dims=\"1\" loading=\"lazy\" decoding=\"async\" src=\"https:\/\/i0.wp.com\/reponse-ability.media-aube.fr\/les-etapes\/wp-content\/uploads\/2021\/04\/Summer-Face.jpg?resize=140%2C142&#038;ssl=1\" alt=\"\" class=\"wp-image-123\" width=\"140\" height=\"142\" srcset=\"https:\/\/i0.wp.com\/reponse-ability.media-aube.fr\/les-etapes\/wp-content\/uploads\/2021\/04\/Summer-Face.jpg?resize=1014%2C1024&amp;ssl=1 1014w, https:\/\/i0.wp.com\/reponse-ability.media-aube.fr\/les-etapes\/wp-content\/uploads\/2021\/04\/Summer-Face.jpg?resize=297%2C300&amp;ssl=1 297w, https:\/\/i0.wp.com\/reponse-ability.media-aube.fr\/les-etapes\/wp-content\/uploads\/2021\/04\/Summer-Face.jpg?resize=768%2C776&amp;ssl=1 768w, https:\/\/i0.wp.com\/reponse-ability.media-aube.fr\/les-etapes\/wp-content\/uploads\/2021\/04\/Summer-Face.jpg?w=1202&amp;ssl=1 1202w\" sizes=\"auto, (max-width: 140px) 100vw, 140px\" \/><\/figure><\/div>\n\n\n\n<p>This blog site is the work of Lauren A. Walker, created over the course of her doctoral researche in philosophy. It is a kind of personal-philosophic diary aimed at placing markers, perhaps for a later work, but I hope also that the process of its creation will help my reflection on my thesis. It will certainly help me in the development of my French, where I hope to see an improvement as the blog develops.<\/p>\n","protected":false},"excerpt":{"rendered":"<p>This blog site is the work of Lauren A. Walker, created over the course of her doctoral researche in philosophy. It is a kind of personal-philosophic diary aimed at placing markers, perhaps for a later work, but I hope also that the process of its creation will help my reflection on my thesis. It will [&hellip;]<\/p>\n","protected":false},"author":1,"featured_media":0,"parent":0,"menu_order":0,"comment_status":"closed","ping_status":"closed","template":"","meta":{"_genesis_hide_title":false,"_genesis_hide_breadcrumbs":false,"_genesis_hide_singular_image":false,"_genesis_hide_footer_widgets":false,"_genesis_custom_body_class":"","_genesis_custom_post_class":"","_genesis_layout":"","footnotes":""},"class_list":{"0":"post-125","1":"page","2":"type-page","3":"status-publish","5":"entry"},"yoast_head":"<!-- This site is optimized with the Yoast SEO plugin v27.4 - https:\/\/yoast.com\/product\/yoast-seo-wordpress\/ -->\n<title>welcome - Les \u00e9tapes philosophique vers...<\/title>\n<meta name=\"robots\" content=\"index, follow, max-snippet:-1, max-image-preview:large, max-video-preview:-1\" \/>\n<link rel=\"canonical\" href=\"https:\/\/reponse-ability.media-aube.fr\/les-etapes\/en\/welcome\/\" \/>\n<meta property=\"og:locale\" content=\"fr_FR\" \/>\n<meta property=\"og:type\" content=\"article\" \/>\n<meta property=\"og:title\" content=\"welcome - Les \u00e9tapes philosophique vers...\" \/>\n<meta property=\"og:description\" content=\"This blog site is the work of Lauren A. Walker, created over the course of her doctoral researche in philosophy. It is a kind of personal-philosophic diary aimed at placing markers, perhaps for a later work, but I hope also that the process of its creation will help my reflection on my thesis. It will [&hellip;]\" \/>\n<meta property=\"og:url\" content=\"https:\/\/reponse-ability.media-aube.fr\/les-etapes\/en\/welcome\/\" \/>\n<meta property=\"og:site_name\" content=\"Les \u00e9tapes philosophique vers...\" \/>\n<meta property=\"article:modified_time\" content=\"2021-09-06T14:53:45+00:00\" \/>\n<meta property=\"og:image\" content=\"https:\/\/reponse-ability.media-aube.fr\/les-etapes\/wp-content\/uploads\/2021\/04\/Summer-Face-1014x1024.jpg\" \/>\n<meta name=\"twitter:card\" content=\"summary_large_image\" \/>\n<meta name=\"twitter:label1\" content=\"Dur\u00e9e de lecture estim\u00e9e\" \/>\n\t<meta name=\"twitter:data1\" content=\"1 minute\" \/>\n<script type=\"application\/ld+json\" class=\"yoast-schema-graph\">{\"@context\":\"https:\\\/\\\/schema.org\",\"@graph\":[{\"@type\":\"WebPage\",\"@id\":\"https:\\\/\\\/reponse-ability.media-aube.fr\\\/les-etapes\\\/en\\\/welcome\\\/\",\"url\":\"https:\\\/\\\/reponse-ability.media-aube.fr\\\/les-etapes\\\/en\\\/welcome\\\/\",\"name\":\"welcome - Les \u00e9tapes philosophique vers...\",\"isPartOf\":{\"@id\":\"https:\\\/\\\/reponse-ability.media-aube.fr\\\/les-etapes\\\/#website\"},\"primaryImageOfPage\":{\"@id\":\"https:\\\/\\\/reponse-ability.media-aube.fr\\\/les-etapes\\\/en\\\/welcome\\\/#primaryimage\"},\"image\":{\"@id\":\"https:\\\/\\\/reponse-ability.media-aube.fr\\\/les-etapes\\\/en\\\/welcome\\\/#primaryimage\"},\"thumbnailUrl\":\"https:\\\/\\\/reponse-ability.media-aube.fr\\\/les-etapes\\\/wp-content\\\/uploads\\\/2021\\\/04\\\/Summer-Face-1014x1024.jpg\",\"datePublished\":\"2021-04-03T15:44:44+00:00\",\"dateModified\":\"2021-09-06T14:53:45+00:00\",\"breadcrumb\":{\"@id\":\"https:\\\/\\\/reponse-ability.media-aube.fr\\\/les-etapes\\\/en\\\/welcome\\\/#breadcrumb\"},\"inLanguage\":\"fr-FR\",\"potentialAction\":[{\"@type\":\"ReadAction\",\"target\":[\"https:\\\/\\\/reponse-ability.media-aube.fr\\\/les-etapes\\\/en\\\/welcome\\\/\"]}]},{\"@type\":\"ImageObject\",\"inLanguage\":\"fr-FR\",\"@id\":\"https:\\\/\\\/reponse-ability.media-aube.fr\\\/les-etapes\\\/en\\\/welcome\\\/#primaryimage\",\"url\":\"https:\\\/\\\/i0.wp.com\\\/reponse-ability.media-aube.fr\\\/les-etapes\\\/wp-content\\\/uploads\\\/2021\\\/04\\\/Summer-Face.jpg?fit=1202%2C1214&ssl=1\",\"contentUrl\":\"https:\\\/\\\/i0.wp.com\\\/reponse-ability.media-aube.fr\\\/les-etapes\\\/wp-content\\\/uploads\\\/2021\\\/04\\\/Summer-Face.jpg?fit=1202%2C1214&ssl=1\",\"width\":1202,\"height\":1214},{\"@type\":\"BreadcrumbList\",\"@id\":\"https:\\\/\\\/reponse-ability.media-aube.fr\\\/les-etapes\\\/en\\\/welcome\\\/#breadcrumb\",\"itemListElement\":[{\"@type\":\"ListItem\",\"position\":1,\"name\":\"Home\",\"item\":\"https:\\\/\\\/reponse-ability.media-aube.fr\\\/les-etapes\\\/\"},{\"@type\":\"ListItem\",\"position\":2,\"name\":\"welcome\"}]},{\"@type\":\"WebSite\",\"@id\":\"https:\\\/\\\/reponse-ability.media-aube.fr\\\/les-etapes\\\/#website\",\"url\":\"https:\\\/\\\/reponse-ability.media-aube.fr\\\/les-etapes\\\/\",\"name\":\"Les \u00e9tapes philosophique vers...\",\"description\":\"un p\u00e9riple de r\u00e9flexion                        \",\"potentialAction\":[{\"@type\":\"SearchAction\",\"target\":{\"@type\":\"EntryPoint\",\"urlTemplate\":\"https:\\\/\\\/reponse-ability.media-aube.fr\\\/les-etapes\\\/?s={search_term_string}\"},\"query-input\":{\"@type\":\"PropertyValueSpecification\",\"valueRequired\":true,\"valueName\":\"search_term_string\"}}],\"inLanguage\":\"fr-FR\"}]}<\/script>\n<!-- \/ Yoast SEO plugin. -->","yoast_head_json":{"title":"welcome - Les \u00e9tapes philosophique vers...","robots":{"index":"index","follow":"follow","max-snippet":"max-snippet:-1","max-image-preview":"max-image-preview:large","max-video-preview":"max-video-preview:-1"},"canonical":"https:\/\/reponse-ability.media-aube.fr\/les-etapes\/en\/welcome\/","og_locale":"fr_FR","og_type":"article","og_title":"welcome - Les \u00e9tapes philosophique vers...","og_description":"This blog site is the work of Lauren A. Walker, created over the course of her doctoral researche in philosophy. It is a kind of personal-philosophic diary aimed at placing markers, perhaps for a later work, but I hope also that the process of its creation will help my reflection on my thesis. It will [&hellip;]","og_url":"https:\/\/reponse-ability.media-aube.fr\/les-etapes\/en\/welcome\/","og_site_name":"Les \u00e9tapes philosophique vers...","article_modified_time":"2021-09-06T14:53:45+00:00","og_image":[{"url":"https:\/\/reponse-ability.media-aube.fr\/les-etapes\/wp-content\/uploads\/2021\/04\/Summer-Face-1014x1024.jpg","type":"","width":"","height":""}],"twitter_card":"summary_large_image","twitter_misc":{"Dur\u00e9e de lecture estim\u00e9e":"1 minute"},"schema":{"@context":"https:\/\/schema.org","@graph":[{"@type":"WebPage","@id":"https:\/\/reponse-ability.media-aube.fr\/les-etapes\/en\/welcome\/","url":"https:\/\/reponse-ability.media-aube.fr\/les-etapes\/en\/welcome\/","name":"welcome - Les \u00e9tapes philosophique vers...","isPartOf":{"@id":"https:\/\/reponse-ability.media-aube.fr\/les-etapes\/#website"},"primaryImageOfPage":{"@id":"https:\/\/reponse-ability.media-aube.fr\/les-etapes\/en\/welcome\/#primaryimage"},"image":{"@id":"https:\/\/reponse-ability.media-aube.fr\/les-etapes\/en\/welcome\/#primaryimage"},"thumbnailUrl":"https:\/\/reponse-ability.media-aube.fr\/les-etapes\/wp-content\/uploads\/2021\/04\/Summer-Face-1014x1024.jpg","datePublished":"2021-04-03T15:44:44+00:00","dateModified":"2021-09-06T14:53:45+00:00","breadcrumb":{"@id":"https:\/\/reponse-ability.media-aube.fr\/les-etapes\/en\/welcome\/#breadcrumb"},"inLanguage":"fr-FR","potentialAction":[{"@type":"ReadAction","target":["https:\/\/reponse-ability.media-aube.fr\/les-etapes\/en\/welcome\/"]}]},{"@type":"ImageObject","inLanguage":"fr-FR","@id":"https:\/\/reponse-ability.media-aube.fr\/les-etapes\/en\/welcome\/#primaryimage","url":"https:\/\/i0.wp.com\/reponse-ability.media-aube.fr\/les-etapes\/wp-content\/uploads\/2021\/04\/Summer-Face.jpg?fit=1202%2C1214&ssl=1","contentUrl":"https:\/\/i0.wp.com\/reponse-ability.media-aube.fr\/les-etapes\/wp-content\/uploads\/2021\/04\/Summer-Face.jpg?fit=1202%2C1214&ssl=1","width":1202,"height":1214},{"@type":"BreadcrumbList","@id":"https:\/\/reponse-ability.media-aube.fr\/les-etapes\/en\/welcome\/#breadcrumb","itemListElement":[{"@type":"ListItem","position":1,"name":"Home","item":"https:\/\/reponse-ability.media-aube.fr\/les-etapes\/"},{"@type":"ListItem","position":2,"name":"welcome"}]},{"@type":"WebSite","@id":"https:\/\/reponse-ability.media-aube.fr\/les-etapes\/#website","url":"https:\/\/reponse-ability.media-aube.fr\/les-etapes\/","name":"Les \u00e9tapes philosophique vers...","description":"un p\u00e9riple de r\u00e9flexion                        ","potentialAction":[{"@type":"SearchAction","target":{"@type":"EntryPoint","urlTemplate":"https:\/\/reponse-ability.media-aube.fr\/les-etapes\/?s={search_term_string}"},"query-input":{"@type":"PropertyValueSpecification","valueRequired":true,"valueName":"search_term_string"}}],"inLanguage":"fr-FR"}]}},"jetpack_sharing_enabled":true,"_links":{"self":[{"href":"https:\/\/reponse-ability.media-aube.fr\/les-etapes\/wp-json\/wp\/v2\/pages\/125","targetHints":{"allow":["GET"]}}],"collection":[{"href":"https:\/\/reponse-ability.media-aube.fr\/les-etapes\/wp-json\/wp\/v2\/pages"}],"about":[{"href":"https:\/\/reponse-ability.media-aube.fr\/les-etapes\/wp-json\/wp\/v2\/types\/page"}],"author":[{"embeddable":true,"href":"https:\/\/reponse-ability.media-aube.fr\/les-etapes\/wp-json\/wp\/v2\/users\/1"}],"replies":[{"embeddable":true,"href":"https:\/\/reponse-ability.media-aube.fr\/les-etapes\/wp-json\/wp\/v2\/comments?post=125"}],"version-history":[{"count":2,"href":"https:\/\/reponse-ability.media-aube.fr\/les-etapes\/wp-json\/wp\/v2\/pages\/125\/revisions"}],"predecessor-version":[{"id":228,"href":"https:\/\/reponse-ability.media-aube.fr\/les-etapes\/wp-json\/wp\/v2\/pages\/125\/revisions\/228"}],"wp:attachment":[{"href":"https:\/\/reponse-ability.media-aube.fr\/les-etapes\/wp-json\/wp\/v2\/media?parent=125"}],"curies":[{"name":"wp","href":"https:\/\/api.w.org\/{rel}","templated":true}]}}