{"id":129,"date":"2021-04-10T16:44:40","date_gmt":"2021-04-10T15:44:40","guid":{"rendered":"https:\/\/reponse-ability.media-aube.fr\/les-etapes\/?page_id=129"},"modified":"2022-02-12T13:26:40","modified_gmt":"2022-02-12T12:26:40","slug":"page-daccueil","status":"publish","type":"page","link":"https:\/\/reponse-ability.media-aube.fr\/les-etapes\/","title":{"rendered":"un blog philosophique en quelque sortes&#8230;"},"content":{"rendered":"\n<div class=\"wp-block-jetpack-slideshow aligncenter\" data-autoplay=\"true\" data-delay=\"3\" data-effect=\"fade\"><div class=\"wp-block-jetpack-slideshow_container swiper-container\"><ul class=\"wp-block-jetpack-slideshow_swiper-wrapper swiper-wrapper\"><li class=\"wp-block-jetpack-slideshow_slide swiper-slide\"><figure><img data-recalc-dims=\"1\" loading=\"lazy\" decoding=\"async\" width=\"2560\" height=\"1700\" alt=\"\" class=\"wp-block-jetpack-slideshow_image wp-image-132\" data-id=\"132\" src=\"https:\/\/i0.wp.com\/reponse-ability.media-aube.fr\/les-etapes\/wp-content\/uploads\/2021\/04\/MR-verse-1-scaled.jpg?resize=2560%2C1700&#038;ssl=1\" srcset=\"https:\/\/i0.wp.com\/reponse-ability.media-aube.fr\/les-etapes\/wp-content\/uploads\/2021\/04\/MR-verse-1-scaled.jpg?w=2560&amp;ssl=1 2560w, https:\/\/i0.wp.com\/reponse-ability.media-aube.fr\/les-etapes\/wp-content\/uploads\/2021\/04\/MR-verse-1-scaled.jpg?resize=300%2C199&amp;ssl=1 300w, https:\/\/i0.wp.com\/reponse-ability.media-aube.fr\/les-etapes\/wp-content\/uploads\/2021\/04\/MR-verse-1-scaled.jpg?resize=1024%2C680&amp;ssl=1 1024w, https:\/\/i0.wp.com\/reponse-ability.media-aube.fr\/les-etapes\/wp-content\/uploads\/2021\/04\/MR-verse-1-scaled.jpg?resize=768%2C510&amp;ssl=1 768w, https:\/\/i0.wp.com\/reponse-ability.media-aube.fr\/les-etapes\/wp-content\/uploads\/2021\/04\/MR-verse-1-scaled.jpg?resize=1536%2C1020&amp;ssl=1 1536w, https:\/\/i0.wp.com\/reponse-ability.media-aube.fr\/les-etapes\/wp-content\/uploads\/2021\/04\/MR-verse-1-scaled.jpg?resize=2048%2C1360&amp;ssl=1 2048w\" sizes=\"(max-width: 1000px) 100vw, 1000px\" \/><\/figure><\/li><li class=\"wp-block-jetpack-slideshow_slide swiper-slide\"><figure><img data-recalc-dims=\"1\" loading=\"lazy\" decoding=\"async\" width=\"512\" height=\"512\" alt=\"\" class=\"wp-block-jetpack-slideshow_image wp-image-255\" data-id=\"255\" src=\"https:\/\/i0.wp.com\/reponse-ability.media-aube.fr\/les-etapes\/wp-content\/uploads\/2021\/10\/les-etapes_logo.png?resize=512%2C512&#038;ssl=1\" srcset=\"https:\/\/i0.wp.com\/reponse-ability.media-aube.fr\/les-etapes\/wp-content\/uploads\/2021\/10\/les-etapes_logo.png?w=512&amp;ssl=1 512w, https:\/\/i0.wp.com\/reponse-ability.media-aube.fr\/les-etapes\/wp-content\/uploads\/2021\/10\/les-etapes_logo.png?resize=300%2C300&amp;ssl=1 300w, https:\/\/i0.wp.com\/reponse-ability.media-aube.fr\/les-etapes\/wp-content\/uploads\/2021\/10\/les-etapes_logo.png?resize=150%2C150&amp;ssl=1 150w\" sizes=\"(max-width: 512px) 100vw, 512px\" \/><\/figure><\/li><li class=\"wp-block-jetpack-slideshow_slide swiper-slide\"><figure><img data-recalc-dims=\"1\" loading=\"lazy\" decoding=\"async\" width=\"2560\" height=\"2560\" alt=\"\" class=\"wp-block-jetpack-slideshow_image wp-image-249\" data-id=\"249\" src=\"https:\/\/i0.wp.com\/reponse-ability.media-aube.fr\/les-etapes\/wp-content\/uploads\/2021\/10\/IMG_3364-scaled.jpg?resize=2560%2C2560&#038;ssl=1\" srcset=\"https:\/\/i0.wp.com\/reponse-ability.media-aube.fr\/les-etapes\/wp-content\/uploads\/2021\/10\/IMG_3364-scaled.jpg?w=2560&amp;ssl=1 2560w, https:\/\/i0.wp.com\/reponse-ability.media-aube.fr\/les-etapes\/wp-content\/uploads\/2021\/10\/IMG_3364-scaled.jpg?resize=300%2C300&amp;ssl=1 300w, https:\/\/i0.wp.com\/reponse-ability.media-aube.fr\/les-etapes\/wp-content\/uploads\/2021\/10\/IMG_3364-scaled.jpg?resize=1024%2C1024&amp;ssl=1 1024w, https:\/\/i0.wp.com\/reponse-ability.media-aube.fr\/les-etapes\/wp-content\/uploads\/2021\/10\/IMG_3364-scaled.jpg?resize=150%2C150&amp;ssl=1 150w, https:\/\/i0.wp.com\/reponse-ability.media-aube.fr\/les-etapes\/wp-content\/uploads\/2021\/10\/IMG_3364-scaled.jpg?resize=768%2C768&amp;ssl=1 768w, https:\/\/i0.wp.com\/reponse-ability.media-aube.fr\/les-etapes\/wp-content\/uploads\/2021\/10\/IMG_3364-scaled.jpg?resize=1536%2C1536&amp;ssl=1 1536w, https:\/\/i0.wp.com\/reponse-ability.media-aube.fr\/les-etapes\/wp-content\/uploads\/2021\/10\/IMG_3364-scaled.jpg?resize=2048%2C2048&amp;ssl=1 2048w\" sizes=\"(max-width: 1000px) 100vw, 1000px\" \/><\/figure><\/li><li class=\"wp-block-jetpack-slideshow_slide swiper-slide\"><figure><img data-recalc-dims=\"1\" loading=\"lazy\" decoding=\"async\" width=\"250\" height=\"397\" alt=\"\" class=\"wp-block-jetpack-slideshow_image wp-image-253\" data-id=\"253\" src=\"https:\/\/i0.wp.com\/reponse-ability.media-aube.fr\/les-etapes\/wp-content\/uploads\/2021\/10\/200511241132853652_Chinul.jpg?resize=250%2C397&#038;ssl=1\" srcset=\"https:\/\/i0.wp.com\/reponse-ability.media-aube.fr\/les-etapes\/wp-content\/uploads\/2021\/10\/200511241132853652_Chinul.jpg?w=250&amp;ssl=1 250w, https:\/\/i0.wp.com\/reponse-ability.media-aube.fr\/les-etapes\/wp-content\/uploads\/2021\/10\/200511241132853652_Chinul.jpg?resize=189%2C300&amp;ssl=1 189w\" sizes=\"(max-width: 250px) 100vw, 250px\" \/><\/figure><\/li><li class=\"wp-block-jetpack-slideshow_slide swiper-slide\"><figure><img data-recalc-dims=\"1\" loading=\"lazy\" decoding=\"async\" width=\"2560\" height=\"1912\" alt=\"\" class=\"wp-block-jetpack-slideshow_image wp-image-91\" data-id=\"91\" src=\"https:\/\/i0.wp.com\/reponse-ability.media-aube.fr\/les-etapes\/wp-content\/uploads\/2021\/03\/hdr_00015_1-scaled.jpg?resize=2560%2C1912&#038;ssl=1\" srcset=\"https:\/\/i0.wp.com\/reponse-ability.media-aube.fr\/les-etapes\/wp-content\/uploads\/2021\/03\/hdr_00015_1-scaled.jpg?w=2560&amp;ssl=1 2560w, https:\/\/i0.wp.com\/reponse-ability.media-aube.fr\/les-etapes\/wp-content\/uploads\/2021\/03\/hdr_00015_1-scaled.jpg?resize=300%2C224&amp;ssl=1 300w, https:\/\/i0.wp.com\/reponse-ability.media-aube.fr\/les-etapes\/wp-content\/uploads\/2021\/03\/hdr_00015_1-scaled.jpg?resize=1024%2C765&amp;ssl=1 1024w, https:\/\/i0.wp.com\/reponse-ability.media-aube.fr\/les-etapes\/wp-content\/uploads\/2021\/03\/hdr_00015_1-scaled.jpg?resize=768%2C573&amp;ssl=1 768w, https:\/\/i0.wp.com\/reponse-ability.media-aube.fr\/les-etapes\/wp-content\/uploads\/2021\/03\/hdr_00015_1-scaled.jpg?resize=1536%2C1147&amp;ssl=1 1536w, https:\/\/i0.wp.com\/reponse-ability.media-aube.fr\/les-etapes\/wp-content\/uploads\/2021\/03\/hdr_00015_1-scaled.jpg?resize=2048%2C1529&amp;ssl=1 2048w\" sizes=\"(max-width: 1000px) 100vw, 1000px\" \/><\/figure><\/li><\/ul><a class=\"wp-block-jetpack-slideshow_button-prev swiper-button-prev swiper-button-white\" role=\"button\"><\/a><a class=\"wp-block-jetpack-slideshow_button-next swiper-button-next swiper-button-white\" role=\"button\"><\/a><a aria-label=\"Pause Slideshow\" class=\"wp-block-jetpack-slideshow_button-pause\" role=\"button\"><\/a><div class=\"wp-block-jetpack-slideshow_pagination swiper-pagination swiper-pagination-white\"><\/div><\/div><\/div>\n\n\n\n<ul class=\"wp-block-social-links has-large-icon-size has-icon-color has-icon-background-color is-layout-flex wp-block-social-links-is-layout-flex\"><li style=\"color:#ffffff;background-color:#3962e3;\" class=\"wp-social-link wp-social-link-linkedin  wp-block-social-link\"><a href=\"https:\/\/www.linkedin.com\/in\/l-a-walks\/\" class=\"wp-block-social-link-anchor\"><svg width=\"24\" height=\"24\" viewBox=\"0 0 24 24\" version=\"1.1\" xmlns=\"http:\/\/www.w3.org\/2000\/svg\" aria-hidden=\"true\" focusable=\"false\"><path d=\"M19.7,3H4.3C3.582,3,3,3.582,3,4.3v15.4C3,20.418,3.582,21,4.3,21h15.4c0.718,0,1.3-0.582,1.3-1.3V4.3 C21,3.582,20.418,3,19.7,3z M8.339,18.338H5.667v-8.59h2.672V18.338z M7.004,8.574c-0.857,0-1.549-0.694-1.549-1.548 c0-0.855,0.691-1.548,1.549-1.548c0.854,0,1.547,0.694,1.547,1.548C8.551,7.881,7.858,8.574,7.004,8.574z M18.339,18.338h-2.669 v-4.177c0-0.996-0.017-2.278-1.387-2.278c-1.389,0-1.601,1.086-1.601,2.206v4.249h-2.667v-8.59h2.559v1.174h0.037 c0.356-0.675,1.227-1.387,2.526-1.387c2.703,0,3.203,1.779,3.203,4.092V18.338z\"><\/path><\/svg><span class=\"wp-block-social-link-label screen-reader-text\">LinkedIn<\/span><\/a><\/li>\n\n<li style=\"color:#ffffff;background-color:#3962e3;\" class=\"wp-social-link wp-social-link-twitter  wp-block-social-link\"><a href=\"https:\/\/twitter.com\/la_walks\" class=\"wp-block-social-link-anchor\"><svg width=\"24\" height=\"24\" viewBox=\"0 0 24 24\" version=\"1.1\" xmlns=\"http:\/\/www.w3.org\/2000\/svg\" aria-hidden=\"true\" focusable=\"false\"><path d=\"M22.23,5.924c-0.736,0.326-1.527,0.547-2.357,0.646c0.847-0.508,1.498-1.312,1.804-2.27 c-0.793,0.47-1.671,0.812-2.606,0.996C18.324,4.498,17.257,4,16.077,4c-2.266,0-4.103,1.837-4.103,4.103 c0,0.322,0.036,0.635,0.106,0.935C8.67,8.867,5.647,7.234,3.623,4.751C3.27,5.357,3.067,6.062,3.067,6.814 c0,1.424,0.724,2.679,1.825,3.415c-0.673-0.021-1.305-0.206-1.859-0.513c0,0.017,0,0.034,0,0.052c0,1.988,1.414,3.647,3.292,4.023 c-0.344,0.094-0.707,0.144-1.081,0.144c-0.264,0-0.521-0.026-0.772-0.074c0.522,1.63,2.038,2.816,3.833,2.85 c-1.404,1.1-3.174,1.756-5.096,1.756c-0.331,0-0.658-0.019-0.979-0.057c1.816,1.164,3.973,1.843,6.29,1.843 c7.547,0,11.675-6.252,11.675-11.675c0-0.178-0.004-0.355-0.012-0.531C20.985,7.47,21.68,6.747,22.23,5.924z\"><\/path><\/svg><span class=\"wp-block-social-link-label screen-reader-text\">Twitter<\/span><\/a><\/li><\/ul>\n","protected":false},"excerpt":{"rendered":"","protected":false},"author":1,"featured_media":0,"parent":0,"menu_order":0,"comment_status":"closed","ping_status":"closed","template":"","meta":{"_genesis_hide_title":false,"_genesis_hide_breadcrumbs":false,"_genesis_hide_singular_image":false,"_genesis_hide_footer_widgets":false,"_genesis_custom_body_class":"","_genesis_custom_post_class":"","_genesis_layout":"","footnotes":""},"class_list":{"0":"post-129","1":"page","2":"type-page","3":"status-publish","5":"entry"},"yoast_head":"<!-- This site is optimized with the Yoast SEO plugin v27.4 - https:\/\/yoast.com\/product\/yoast-seo-wordpress\/ -->\n<title>un blog philosophique en quelque sortes... - Les \u00e9tapes philosophique vers...<\/title>\n<meta name=\"robots\" content=\"index, follow, max-snippet:-1, max-image-preview:large, max-video-preview:-1\" \/>\n<link rel=\"canonical\" href=\"https:\/\/reponse-ability.media-aube.fr\/les-etapes\/\" \/>\n<meta property=\"og:locale\" content=\"fr_FR\" \/>\n<meta property=\"og:type\" content=\"article\" \/>\n<meta property=\"og:title\" content=\"un blog philosophique en quelque sortes... - Les \u00e9tapes philosophique vers...\" \/>\n<meta property=\"og:url\" content=\"https:\/\/reponse-ability.media-aube.fr\/les-etapes\/\" \/>\n<meta property=\"og:site_name\" content=\"Les \u00e9tapes philosophique vers...\" \/>\n<meta property=\"article:modified_time\" content=\"2022-02-12T12:26:40+00:00\" \/>\n<meta property=\"og:image\" content=\"https:\/\/reponse-ability.media-aube.fr\/les-etapes\/wp-content\/uploads\/2021\/04\/MR-verse-1-scaled.jpg\" \/>\n<meta name=\"twitter:card\" content=\"summary_large_image\" \/>\n<meta name=\"twitter:label1\" content=\"Dur\u00e9e de lecture estim\u00e9e\" \/>\n\t<meta name=\"twitter:data1\" content=\"1 minute\" \/>\n<script type=\"application\/ld+json\" class=\"yoast-schema-graph\">{\"@context\":\"https:\\\/\\\/schema.org\",\"@graph\":[{\"@type\":\"WebPage\",\"@id\":\"https:\\\/\\\/reponse-ability.media-aube.fr\\\/les-etapes\\\/\",\"url\":\"https:\\\/\\\/reponse-ability.media-aube.fr\\\/les-etapes\\\/\",\"name\":\"un blog philosophique en quelque sortes... - Les \u00e9tapes philosophique vers...\",\"isPartOf\":{\"@id\":\"https:\\\/\\\/reponse-ability.media-aube.fr\\\/les-etapes\\\/#website\"},\"primaryImageOfPage\":{\"@id\":\"https:\\\/\\\/reponse-ability.media-aube.fr\\\/les-etapes\\\/#primaryimage\"},\"image\":{\"@id\":\"https:\\\/\\\/reponse-ability.media-aube.fr\\\/les-etapes\\\/#primaryimage\"},\"thumbnailUrl\":\"https:\\\/\\\/reponse-ability.media-aube.fr\\\/les-etapes\\\/wp-content\\\/uploads\\\/2021\\\/04\\\/MR-verse-1-scaled.jpg\",\"datePublished\":\"2021-04-10T15:44:40+00:00\",\"dateModified\":\"2022-02-12T12:26:40+00:00\",\"breadcrumb\":{\"@id\":\"https:\\\/\\\/reponse-ability.media-aube.fr\\\/les-etapes\\\/#breadcrumb\"},\"inLanguage\":\"fr-FR\",\"potentialAction\":[{\"@type\":\"ReadAction\",\"target\":[\"https:\\\/\\\/reponse-ability.media-aube.fr\\\/les-etapes\\\/\"]}]},{\"@type\":\"ImageObject\",\"inLanguage\":\"fr-FR\",\"@id\":\"https:\\\/\\\/reponse-ability.media-aube.fr\\\/les-etapes\\\/#primaryimage\",\"url\":\"https:\\\/\\\/i0.wp.com\\\/reponse-ability.media-aube.fr\\\/les-etapes\\\/wp-content\\\/uploads\\\/2021\\\/04\\\/MR-verse-1-scaled.jpg?fit=2560%2C1700&ssl=1\",\"contentUrl\":\"https:\\\/\\\/i0.wp.com\\\/reponse-ability.media-aube.fr\\\/les-etapes\\\/wp-content\\\/uploads\\\/2021\\\/04\\\/MR-verse-1-scaled.jpg?fit=2560%2C1700&ssl=1\",\"width\":2560,\"height\":1700},{\"@type\":\"BreadcrumbList\",\"@id\":\"https:\\\/\\\/reponse-ability.media-aube.fr\\\/les-etapes\\\/#breadcrumb\",\"itemListElement\":[{\"@type\":\"ListItem\",\"position\":1,\"name\":\"Home\",\"item\":\"https:\\\/\\\/reponse-ability.media-aube.fr\\\/les-etapes\\\/\"},{\"@type\":\"ListItem\",\"position\":2,\"name\":\"un blog philosophique en quelque sortes&#8230;\"}]},{\"@type\":\"WebSite\",\"@id\":\"https:\\\/\\\/reponse-ability.media-aube.fr\\\/les-etapes\\\/#website\",\"url\":\"https:\\\/\\\/reponse-ability.media-aube.fr\\\/les-etapes\\\/\",\"name\":\"Les \u00e9tapes philosophique vers...\",\"description\":\"un p\u00e9riple de r\u00e9flexion                        \",\"potentialAction\":[{\"@type\":\"SearchAction\",\"target\":{\"@type\":\"EntryPoint\",\"urlTemplate\":\"https:\\\/\\\/reponse-ability.media-aube.fr\\\/les-etapes\\\/?s={search_term_string}\"},\"query-input\":{\"@type\":\"PropertyValueSpecification\",\"valueRequired\":true,\"valueName\":\"search_term_string\"}}],\"inLanguage\":\"fr-FR\"}]}<\/script>\n<!-- \/ Yoast SEO plugin. -->","yoast_head_json":{"title":"un blog philosophique en quelque sortes... - Les \u00e9tapes philosophique vers...","robots":{"index":"index","follow":"follow","max-snippet":"max-snippet:-1","max-image-preview":"max-image-preview:large","max-video-preview":"max-video-preview:-1"},"canonical":"https:\/\/reponse-ability.media-aube.fr\/les-etapes\/","og_locale":"fr_FR","og_type":"article","og_title":"un blog philosophique en quelque sortes... - Les \u00e9tapes philosophique vers...","og_url":"https:\/\/reponse-ability.media-aube.fr\/les-etapes\/","og_site_name":"Les \u00e9tapes philosophique vers...","article_modified_time":"2022-02-12T12:26:40+00:00","og_image":[{"url":"https:\/\/reponse-ability.media-aube.fr\/les-etapes\/wp-content\/uploads\/2021\/04\/MR-verse-1-scaled.jpg","type":"","width":"","height":""}],"twitter_card":"summary_large_image","twitter_misc":{"Dur\u00e9e de lecture estim\u00e9e":"1 minute"},"schema":{"@context":"https:\/\/schema.org","@graph":[{"@type":"WebPage","@id":"https:\/\/reponse-ability.media-aube.fr\/les-etapes\/","url":"https:\/\/reponse-ability.media-aube.fr\/les-etapes\/","name":"un blog philosophique en quelque sortes... - Les \u00e9tapes philosophique vers...","isPartOf":{"@id":"https:\/\/reponse-ability.media-aube.fr\/les-etapes\/#website"},"primaryImageOfPage":{"@id":"https:\/\/reponse-ability.media-aube.fr\/les-etapes\/#primaryimage"},"image":{"@id":"https:\/\/reponse-ability.media-aube.fr\/les-etapes\/#primaryimage"},"thumbnailUrl":"https:\/\/reponse-ability.media-aube.fr\/les-etapes\/wp-content\/uploads\/2021\/04\/MR-verse-1-scaled.jpg","datePublished":"2021-04-10T15:44:40+00:00","dateModified":"2022-02-12T12:26:40+00:00","breadcrumb":{"@id":"https:\/\/reponse-ability.media-aube.fr\/les-etapes\/#breadcrumb"},"inLanguage":"fr-FR","potentialAction":[{"@type":"ReadAction","target":["https:\/\/reponse-ability.media-aube.fr\/les-etapes\/"]}]},{"@type":"ImageObject","inLanguage":"fr-FR","@id":"https:\/\/reponse-ability.media-aube.fr\/les-etapes\/#primaryimage","url":"https:\/\/i0.wp.com\/reponse-ability.media-aube.fr\/les-etapes\/wp-content\/uploads\/2021\/04\/MR-verse-1-scaled.jpg?fit=2560%2C1700&ssl=1","contentUrl":"https:\/\/i0.wp.com\/reponse-ability.media-aube.fr\/les-etapes\/wp-content\/uploads\/2021\/04\/MR-verse-1-scaled.jpg?fit=2560%2C1700&ssl=1","width":2560,"height":1700},{"@type":"BreadcrumbList","@id":"https:\/\/reponse-ability.media-aube.fr\/les-etapes\/#breadcrumb","itemListElement":[{"@type":"ListItem","position":1,"name":"Home","item":"https:\/\/reponse-ability.media-aube.fr\/les-etapes\/"},{"@type":"ListItem","position":2,"name":"un blog philosophique en quelque sortes&#8230;"}]},{"@type":"WebSite","@id":"https:\/\/reponse-ability.media-aube.fr\/les-etapes\/#website","url":"https:\/\/reponse-ability.media-aube.fr\/les-etapes\/","name":"Les \u00e9tapes philosophique vers...","description":"un p\u00e9riple de r\u00e9flexion                        ","potentialAction":[{"@type":"SearchAction","target":{"@type":"EntryPoint","urlTemplate":"https:\/\/reponse-ability.media-aube.fr\/les-etapes\/?s={search_term_string}"},"query-input":{"@type":"PropertyValueSpecification","valueRequired":true,"valueName":"search_term_string"}}],"inLanguage":"fr-FR"}]}},"jetpack_sharing_enabled":true,"_links":{"self":[{"href":"https:\/\/reponse-ability.media-aube.fr\/les-etapes\/wp-json\/wp\/v2\/pages\/129","targetHints":{"allow":["GET"]}}],"collection":[{"href":"https:\/\/reponse-ability.media-aube.fr\/les-etapes\/wp-json\/wp\/v2\/pages"}],"about":[{"href":"https:\/\/reponse-ability.media-aube.fr\/les-etapes\/wp-json\/wp\/v2\/types\/page"}],"author":[{"embeddable":true,"href":"https:\/\/reponse-ability.media-aube.fr\/les-etapes\/wp-json\/wp\/v2\/users\/1"}],"replies":[{"embeddable":true,"href":"https:\/\/reponse-ability.media-aube.fr\/les-etapes\/wp-json\/wp\/v2\/comments?post=129"}],"version-history":[{"count":11,"href":"https:\/\/reponse-ability.media-aube.fr\/les-etapes\/wp-json\/wp\/v2\/pages\/129\/revisions"}],"predecessor-version":[{"id":267,"href":"https:\/\/reponse-ability.media-aube.fr\/les-etapes\/wp-json\/wp\/v2\/pages\/129\/revisions\/267"}],"wp:attachment":[{"href":"https:\/\/reponse-ability.media-aube.fr\/les-etapes\/wp-json\/wp\/v2\/media?parent=129"}],"curies":[{"name":"wp","href":"https:\/\/api.w.org\/{rel}","templated":true}]}}