{"id":231,"date":"2021-09-07T13:42:50","date_gmt":"2021-09-07T12:42:50","guid":{"rendered":"https:\/\/reponse-ability.media-aube.fr\/les-etapes\/?page_id=231"},"modified":"2021-09-07T14:16:06","modified_gmt":"2021-09-07T13:16:06","slug":"support-me","status":"publish","type":"page","link":"https:\/\/reponse-ability.media-aube.fr\/les-etapes\/en\/support-me\/","title":{"rendered":"Support me"},"content":{"rendered":"\n<p>I have launched a crowdfunder campaign because I need funding to complete this project.<\/p>\n\n\n\n<figure class=\"wp-block-embed is-type-video is-provider-vimeo wp-block-embed-vimeo\"><div class=\"wp-block-embed__wrapper\">\n<iframe loading=\"lazy\" title=\"Crowdfunder Appeal, English Version.\" src=\"https:\/\/player.vimeo.com\/video\/599122613?dnt=1&amp;app_id=122963\" width=\"500\" height=\"281\" frameborder=\"0\" allow=\"autoplay; fullscreen; picture-in-picture; clipboard-write\"><\/iframe>\n<\/div><\/figure>\n\n\n\n<p>Here is link for my campaign on the crowdfund site \u00ab\u00a0Le pot commun\u00a0\u00bb:<\/p>\n\n\n\n<p><a href=\"http:\/\/izly.lepotcommun.fr\/pot\/g5sn7k9a\" target=\"_blank\" rel=\"noreferrer noopener\"><strong>http:\/\/izly.lepotcommun.fr\/pot\/g5sn7k9a<\/strong><\/a><\/p>\n","protected":false},"excerpt":{"rendered":"<p>I have launched a crowdfunder campaign because I need funding to complete this project. Here is link for my campaign on the crowdfund site \u00ab\u00a0Le pot commun\u00a0\u00bb: http:\/\/izly.lepotcommun.fr\/pot\/g5sn7k9a<\/p>\n","protected":false},"author":1,"featured_media":0,"parent":0,"menu_order":0,"comment_status":"closed","ping_status":"closed","template":"","meta":{"_genesis_hide_title":false,"_genesis_hide_breadcrumbs":false,"_genesis_hide_singular_image":false,"_genesis_hide_footer_widgets":false,"_genesis_custom_body_class":"","_genesis_custom_post_class":"","_genesis_layout":"","footnotes":""},"class_list":{"0":"post-231","1":"page","2":"type-page","3":"status-publish","5":"entry"},"yoast_head":"<!-- This site is optimized with the Yoast SEO plugin v27.4 - https:\/\/yoast.com\/product\/yoast-seo-wordpress\/ -->\n<title>Support me - Les \u00e9tapes philosophique vers...<\/title>\n<meta name=\"robots\" content=\"index, follow, max-snippet:-1, max-image-preview:large, max-video-preview:-1\" \/>\n<link rel=\"canonical\" href=\"https:\/\/reponse-ability.media-aube.fr\/les-etapes\/en\/support-me\/\" \/>\n<meta property=\"og:locale\" content=\"fr_FR\" \/>\n<meta property=\"og:type\" content=\"article\" \/>\n<meta property=\"og:title\" content=\"Support me - Les \u00e9tapes philosophique vers...\" \/>\n<meta property=\"og:description\" content=\"I have launched a crowdfunder campaign because I need funding to complete this project. Here is link for my campaign on the crowdfund site \u00ab\u00a0Le pot commun\u00a0\u00bb: http:\/\/izly.lepotcommun.fr\/pot\/g5sn7k9a\" \/>\n<meta property=\"og:url\" content=\"https:\/\/reponse-ability.media-aube.fr\/les-etapes\/en\/support-me\/\" \/>\n<meta property=\"og:site_name\" content=\"Les \u00e9tapes philosophique vers...\" \/>\n<meta property=\"article:modified_time\" content=\"2021-09-07T13:16:06+00:00\" \/>\n<meta name=\"twitter:card\" content=\"summary_large_image\" \/>\n<meta name=\"twitter:label1\" content=\"Dur\u00e9e de lecture estim\u00e9e\" \/>\n\t<meta name=\"twitter:data1\" content=\"1 minute\" \/>\n<script type=\"application\/ld+json\" class=\"yoast-schema-graph\">{\"@context\":\"https:\\\/\\\/schema.org\",\"@graph\":[{\"@type\":\"WebPage\",\"@id\":\"https:\\\/\\\/reponse-ability.media-aube.fr\\\/les-etapes\\\/en\\\/support-me\\\/\",\"url\":\"https:\\\/\\\/reponse-ability.media-aube.fr\\\/les-etapes\\\/en\\\/support-me\\\/\",\"name\":\"Support me - Les \u00e9tapes philosophique vers...\",\"isPartOf\":{\"@id\":\"https:\\\/\\\/reponse-ability.media-aube.fr\\\/les-etapes\\\/#website\"},\"datePublished\":\"2021-09-07T12:42:50+00:00\",\"dateModified\":\"2021-09-07T13:16:06+00:00\",\"breadcrumb\":{\"@id\":\"https:\\\/\\\/reponse-ability.media-aube.fr\\\/les-etapes\\\/en\\\/support-me\\\/#breadcrumb\"},\"inLanguage\":\"fr-FR\",\"potentialAction\":[{\"@type\":\"ReadAction\",\"target\":[\"https:\\\/\\\/reponse-ability.media-aube.fr\\\/les-etapes\\\/en\\\/support-me\\\/\"]}]},{\"@type\":\"BreadcrumbList\",\"@id\":\"https:\\\/\\\/reponse-ability.media-aube.fr\\\/les-etapes\\\/en\\\/support-me\\\/#breadcrumb\",\"itemListElement\":[{\"@type\":\"ListItem\",\"position\":1,\"name\":\"Home\",\"item\":\"https:\\\/\\\/reponse-ability.media-aube.fr\\\/les-etapes\\\/\"},{\"@type\":\"ListItem\",\"position\":2,\"name\":\"Support me\"}]},{\"@type\":\"WebSite\",\"@id\":\"https:\\\/\\\/reponse-ability.media-aube.fr\\\/les-etapes\\\/#website\",\"url\":\"https:\\\/\\\/reponse-ability.media-aube.fr\\\/les-etapes\\\/\",\"name\":\"Les \u00e9tapes philosophique vers...\",\"description\":\"un p\u00e9riple de r\u00e9flexion                        \",\"potentialAction\":[{\"@type\":\"SearchAction\",\"target\":{\"@type\":\"EntryPoint\",\"urlTemplate\":\"https:\\\/\\\/reponse-ability.media-aube.fr\\\/les-etapes\\\/?s={search_term_string}\"},\"query-input\":{\"@type\":\"PropertyValueSpecification\",\"valueRequired\":true,\"valueName\":\"search_term_string\"}}],\"inLanguage\":\"fr-FR\"}]}<\/script>\n<!-- \/ Yoast SEO plugin. -->","yoast_head_json":{"title":"Support me - Les \u00e9tapes philosophique vers...","robots":{"index":"index","follow":"follow","max-snippet":"max-snippet:-1","max-image-preview":"max-image-preview:large","max-video-preview":"max-video-preview:-1"},"canonical":"https:\/\/reponse-ability.media-aube.fr\/les-etapes\/en\/support-me\/","og_locale":"fr_FR","og_type":"article","og_title":"Support me - Les \u00e9tapes philosophique vers...","og_description":"I have launched a crowdfunder campaign because I need funding to complete this project. Here is link for my campaign on the crowdfund site \u00ab\u00a0Le pot commun\u00a0\u00bb: http:\/\/izly.lepotcommun.fr\/pot\/g5sn7k9a","og_url":"https:\/\/reponse-ability.media-aube.fr\/les-etapes\/en\/support-me\/","og_site_name":"Les \u00e9tapes philosophique vers...","article_modified_time":"2021-09-07T13:16:06+00:00","twitter_card":"summary_large_image","twitter_misc":{"Dur\u00e9e de lecture estim\u00e9e":"1 minute"},"schema":{"@context":"https:\/\/schema.org","@graph":[{"@type":"WebPage","@id":"https:\/\/reponse-ability.media-aube.fr\/les-etapes\/en\/support-me\/","url":"https:\/\/reponse-ability.media-aube.fr\/les-etapes\/en\/support-me\/","name":"Support me - Les \u00e9tapes philosophique vers...","isPartOf":{"@id":"https:\/\/reponse-ability.media-aube.fr\/les-etapes\/#website"},"datePublished":"2021-09-07T12:42:50+00:00","dateModified":"2021-09-07T13:16:06+00:00","breadcrumb":{"@id":"https:\/\/reponse-ability.media-aube.fr\/les-etapes\/en\/support-me\/#breadcrumb"},"inLanguage":"fr-FR","potentialAction":[{"@type":"ReadAction","target":["https:\/\/reponse-ability.media-aube.fr\/les-etapes\/en\/support-me\/"]}]},{"@type":"BreadcrumbList","@id":"https:\/\/reponse-ability.media-aube.fr\/les-etapes\/en\/support-me\/#breadcrumb","itemListElement":[{"@type":"ListItem","position":1,"name":"Home","item":"https:\/\/reponse-ability.media-aube.fr\/les-etapes\/"},{"@type":"ListItem","position":2,"name":"Support me"}]},{"@type":"WebSite","@id":"https:\/\/reponse-ability.media-aube.fr\/les-etapes\/#website","url":"https:\/\/reponse-ability.media-aube.fr\/les-etapes\/","name":"Les \u00e9tapes philosophique vers...","description":"un p\u00e9riple de r\u00e9flexion                        ","potentialAction":[{"@type":"SearchAction","target":{"@type":"EntryPoint","urlTemplate":"https:\/\/reponse-ability.media-aube.fr\/les-etapes\/?s={search_term_string}"},"query-input":{"@type":"PropertyValueSpecification","valueRequired":true,"valueName":"search_term_string"}}],"inLanguage":"fr-FR"}]}},"jetpack_sharing_enabled":true,"_links":{"self":[{"href":"https:\/\/reponse-ability.media-aube.fr\/les-etapes\/wp-json\/wp\/v2\/pages\/231","targetHints":{"allow":["GET"]}}],"collection":[{"href":"https:\/\/reponse-ability.media-aube.fr\/les-etapes\/wp-json\/wp\/v2\/pages"}],"about":[{"href":"https:\/\/reponse-ability.media-aube.fr\/les-etapes\/wp-json\/wp\/v2\/types\/page"}],"author":[{"embeddable":true,"href":"https:\/\/reponse-ability.media-aube.fr\/les-etapes\/wp-json\/wp\/v2\/users\/1"}],"replies":[{"embeddable":true,"href":"https:\/\/reponse-ability.media-aube.fr\/les-etapes\/wp-json\/wp\/v2\/comments?post=231"}],"version-history":[{"count":3,"href":"https:\/\/reponse-ability.media-aube.fr\/les-etapes\/wp-json\/wp\/v2\/pages\/231\/revisions"}],"predecessor-version":[{"id":237,"href":"https:\/\/reponse-ability.media-aube.fr\/les-etapes\/wp-json\/wp\/v2\/pages\/231\/revisions\/237"}],"wp:attachment":[{"href":"https:\/\/reponse-ability.media-aube.fr\/les-etapes\/wp-json\/wp\/v2\/media?parent=231"}],"curies":[{"name":"wp","href":"https:\/\/api.w.org\/{rel}","templated":true}]}}